{"id":1052,"date":"2025-09-04T09:06:31","date_gmt":"2025-09-04T09:06:31","guid":{"rendered":"https:\/\/edmond-hotel.fr\/services\/"},"modified":"2026-04-01T14:26:08","modified_gmt":"2026-04-01T14:26:08","slug":"services","status":"publish","type":"page","link":"https:\/\/edmond-hotel.fr\/en\/services\/","title":{"rendered":"Services"},"content":{"rendered":"\t\t<div data-elementor-type=\"wp-page\" data-elementor-id=\"1052\" class=\"elementor elementor-1052 elementor-14\">\n\t\t\t\t<div class=\"elementor-element elementor-element-6e25d97 e-flex e-con-boxed e-con e-parent\" data-id=\"6e25d97\" data-element_type=\"container\" data-e-type=\"container\" data-settings=\"{&quot;background_background&quot;:&quot;classic&quot;}\">\n\t\t\t\t\t<div class=\"e-con-inner\">\n\t\t\t\t<div class=\"elementor-element elementor-element-f273bc7 elementor-widget elementor-widget-heading\" data-id=\"f273bc7\" data-element_type=\"widget\" data-e-type=\"widget\" data-widget_type=\"heading.default\">\n\t\t\t\t\t<h1 class=\"elementor-heading-title elementor-size-default\">Our Services<\/h1>\t\t\t\t<\/div>\n\t\t\t\t<div class=\"elementor-element elementor-element-cee86b7 elementor-widget elementor-widget-html\" data-id=\"cee86b7\" data-element_type=\"widget\" data-e-type=\"widget\" data-widget_type=\"html.default\">\n\t\t\t\t\t<div class=\"booking-wrapper\">\r\n<form id=\"AVP\" method=\"post\" action=\"https:\/\/www.secure-hotel-booking.com\/L-Edmond-Hotel-Parc-Monceau\/J63P\/search?hotelId=32124\" target=\"_blank\" class=\"booking-form\">\r\n\r\n<input type=\"hidden\" id=\"language\" name=\"language\" value=\"fr-FR\">\r\n<input type=\"hidden\" id=\"AVP_arrivalDate\" name=\"arrivalDate\" value=\"\">\r\n<input type=\"hidden\" id=\"AVP_nights\" name=\"nights\" value=\"\">\r\n<input type=\"hidden\" id=\"_ga\" name=\"_ga\" value=\"\">\r\n<input type=\"hidden\" id=\"crossSell\" name=\"crossSell\" value=\"false\">\r\n\r\n<div class=\"booking-row\">\r\n\r\n  <div class=\"field\">\r\n    <label>Arrival<\/label>\r\n    <div class=\"select-group\">\r\n      <select id=\"AVP_list_days\" onchange=\"updateDDay();\"><\/select>\r\n      <select id=\"AVP_list_months\" onchange=\"setDays();\"><\/select>\r\n    <\/div>\r\n  <\/div>\r\n\r\n  <div class=\"field\">\r\n    <label>Departure<\/label>\r\n    <div class=\"select-group\">\r\n      <select id=\"AVP_list_ddays\"><\/select>\r\n      <select id=\"AVP_list_dmonths\" onchange=\"setDDays();\"><\/select>\r\n    <\/div>\r\n  <\/div>\r\n\r\n  <div class=\"button-group\">\r\n    <input type=\"button\" value=\"Book\" onclick=\"validate();\" class=\"btn-book\">\r\n  <\/div>\r\n\r\n<\/div>\r\n<\/form>\r\n<\/div>\r\n\r\n<style>\r\n\r\n\/* Conteneur simple centr\u00e9 *\/\r\n.booking-wrapper {\r\n  display: flex;\r\n  justify-content: center;\r\n}\r\n\r\n\/* Formulaire = barre fine *\/\r\n.booking-form {\r\n  display: flex;\r\n  align-items: center;\r\n  gap: 30px;\r\n  flex-wrap: nowrap;\r\n  background: transparent; \/* plus de gros bloc blanc *\/\r\n  padding: 0;\r\n  box-shadow: none;\r\n  max-width: 100%;\r\n}\r\n\r\n\/* Champs *\/\r\n.field {\r\n  display: flex;\r\n  flex-direction: column;\r\n  font-family: 'Helvetica Neue', sans-serif;\r\n}\r\n\r\n.field label {\r\n  font-size: 11px;\r\n  letter-spacing: 1px;\r\n  text-transform: uppercase;\r\n  color: #777;\r\n  margin-bottom: 6px;\r\n}\r\n\r\n.select-group {\r\n  display: flex;\r\n  gap: 8px;\r\n}\r\n\r\n.field select {\r\n  padding: 8px 12px;\r\n  border: 1px solid #ddd;\r\n  border-radius: 4px;\r\n  font-size: 12px;\r\n  background: #fff;\r\n  min-width: 100px;\r\n}\r\n\r\n\/* Bouton *\/\r\n.btn-book {\r\n  padding: 10px 24px;\r\n  background: #000;\r\n  color: #fff;\r\n  border: none;\r\n  border-radius: 4px;\r\n  font-size: 13px;\r\n  letter-spacing: 1px;\r\n  text-transform: uppercase;\r\n  cursor: pointer;\r\n  white-space: nowrap;\r\n}\r\n\r\n.btn-book:hover {\r\n  background: #333;\r\n}\r\n\r\n.btn-cancel {\r\n  font-size: 12px;\r\n  color: #777;\r\n  text-decoration: none;\r\n  white-space: nowrap;\r\n}\r\n\r\n.btn-cancel:hover {\r\n  color: #000;\r\n}\r\n\r\n\/* Important : forcer une seule ligne *\/\r\n.booking-row {\r\n  display: flex;\r\n  align-items: flex-end;\r\n  gap: 25px;\r\n  flex-wrap: nowrap;\r\n}\r\n\r\n@media (max-width: 768px) {\r\n  .booking-row {\r\n    flex-direction: column;\r\n    align-items: stretch;\r\n    gap: 15px;\r\n  }\r\n  .select-group {\r\n    justify-content: space-between;\r\n  }\r\n  .field select {\r\n    flex: 1; \/* Les selects prennent toute la place disponible *\/\r\n  }\r\n  .btn-book {\r\n    width: 100%; \/* Le bouton prend toute la largeur sur mobile *\/\r\n  }\r\n}\r\n<\/style>\r\n<script type=\"text\/javascript\">\r\nvar months = new Array(\"Janvier\",\"F\u00e9vrier\",\"Mars\",\"Avril\",\"Mai\",\"Juin\",\"Juillet\",\"Ao\u00fbt\",\"Septembre\",\"Octobre\",\"Novembre\",\"Decembre\");\r\nvar message= \"Date en dehors du planning\";\r\n<\/script>\r\n<script type=\"text\/javascript\" src=\"https:\/\/www.secure-hotel-booking.com\/L-Edmond-Hotel-Parc-Monceau\/J63P\/scripts\/base.js\"><\/script>\r\n<script type=\"text\/javascript\">\r\nfunction check_ga() {\r\nif(typeof ga === 'function') {\r\nga(function (tracker) {\r\nvar clientId = tracker.get('clientId');\r\ndocument.getElementById(\"_ga\").value = clientId;\r\n}); }}\r\ncheck_ga();\r\n<\/script> \r\n\t\t\t\t<\/div>\n\t\t\t\t\t<\/div>\n\t\t\t\t<\/div>\n\t\t<div class=\"elementor-element elementor-element-f2c5d95 e-con-full e-flex e-con e-parent\" data-id=\"f2c5d95\" data-element_type=\"container\" data-e-type=\"container\">\n\t\t<div class=\"elementor-element elementor-element-26e89da e-con-full e-flex e-con e-child\" data-id=\"26e89da\" data-element_type=\"container\" data-e-type=\"container\" data-settings=\"{&quot;background_background&quot;:&quot;classic&quot;}\">\n\t\t\t\t<\/div>\n\t\t<div class=\"elementor-element elementor-element-0af64ea e-con-full e-flex e-con e-child\" data-id=\"0af64ea\" data-element_type=\"container\" data-e-type=\"container\" data-settings=\"{&quot;background_background&quot;:&quot;classic&quot;}\">\n\t\t\t\t<div class=\"elementor-element elementor-element-9e69bf2 elementor-widget elementor-widget-heading\" data-id=\"9e69bf2\" data-element_type=\"widget\" data-e-type=\"widget\" data-widget_type=\"heading.default\">\n\t\t\t\t\t<h2 class=\"elementor-heading-title elementor-size-default\">Breakfast<\/h2>\t\t\t\t<\/div>\n\t\t\t\t<div class=\"elementor-element elementor-element-24163f0 elementor-widget elementor-widget-text-editor\" data-id=\"24163f0\" data-element_type=\"widget\" data-e-type=\"widget\" data-widget_type=\"text-editor.default\">\n\t\t\t\t\t\t\t\t\t<p><em>Hours: 7:00 AM \u2013 10:00 AM<\/em><\/p>\t\t\t\t\t\t\t\t<\/div>\n\t\t\t\t<div class=\"elementor-element elementor-element-dcfd2a1 elementor-widget elementor-widget-text-editor\" data-id=\"dcfd2a1\" data-element_type=\"widget\" data-e-type=\"widget\" data-widget_type=\"text-editor.default\">\n\t\t\t\t\t\t\t\t\t<p>Start your day with a gourmet breakfast in our spacious ground-floor room. For \u20ac18, enjoy a varied buffet featuring hot and cold dishes. <\/p><p>Upon request, we offer gluten-free options and accommodations for food allergies.<\/p>\t\t\t\t\t\t\t\t<\/div>\n\t\t\t\t<\/div>\n\t\t\t\t<\/div>\n\t\t<div class=\"elementor-element elementor-element-c49b261 e-con-full e-flex e-con e-parent\" data-id=\"c49b261\" data-element_type=\"container\" data-e-type=\"container\">\n\t\t<div class=\"elementor-element elementor-element-b358f70 e-con-full e-flex e-con e-child\" data-id=\"b358f70\" data-element_type=\"container\" data-e-type=\"container\" data-settings=\"{&quot;background_background&quot;:&quot;classic&quot;}\">\n\t\t<div class=\"elementor-element elementor-element-a98c984 e-con-full elementor-hidden-desktop elementor-hidden-tablet e-flex e-con e-child\" data-id=\"a98c984\" data-element_type=\"container\" data-e-type=\"container\" data-settings=\"{&quot;background_background&quot;:&quot;classic&quot;}\">\n\t\t\t\t<\/div>\n\t\t\t\t<div class=\"elementor-element elementor-element-8ae7ade elementor-widget elementor-widget-heading\" data-id=\"8ae7ade\" data-element_type=\"widget\" data-e-type=\"widget\" data-widget_type=\"heading.default\">\n\t\t\t\t\t<h2 class=\"elementor-heading-title elementor-size-default\">24-Hour Reception<\/h2>\t\t\t\t<\/div>\n\t\t\t\t<div class=\"elementor-element elementor-element-be7f776 elementor-widget elementor-widget-text-editor\" data-id=\"be7f776\" data-element_type=\"widget\" data-e-type=\"widget\" data-widget_type=\"text-editor.default\">\n\t\t\t\t\t\t\t\t\t<p><em>Check-in: 3:00 PM &#8211; Check-out: 12:00 PM<\/em><\/p>\t\t\t\t\t\t\t\t<\/div>\n\t\t\t\t<div class=\"elementor-element elementor-element-d869f2c elementor-widget elementor-widget-text-editor\" data-id=\"d869f2c\" data-element_type=\"widget\" data-e-type=\"widget\" data-widget_type=\"text-editor.default\">\n\t\t\t\t\t\t\t\t\t<p>\u00c0 l\u2019H\u00f4tel Edmond, notre r\u00e9ception est ouverte 24h\/24 pour r\u00e9pondre \u00e0 tous vos besoins, \u00e0 tout moment. Votre confort et votre s\u00e9r\u00e9nit\u00e9 sont notre priorit\u00e9 : nous mettons \u00e0 votre disposition, gratuitement et sur demande, des \u00e9quipements suppl\u00e9mentaires pour personnaliser votre s\u00e9jour.  Secure storage for your luggage, before your check-in or after your check-out. <\/p>\t\t\t\t\t\t\t\t<\/div>\n\t\t\t\t<\/div>\n\t\t<div class=\"elementor-element elementor-element-b287ed8 e-con-full elementor-hidden-mobile e-flex e-con e-child\" data-id=\"b287ed8\" data-element_type=\"container\" data-e-type=\"container\" data-settings=\"{&quot;background_background&quot;:&quot;classic&quot;}\">\n\t\t\t\t<\/div>\n\t\t\t\t<\/div>\n\t\t<div class=\"elementor-element elementor-element-4dc3cd9 e-con-full e-flex e-con e-parent\" data-id=\"4dc3cd9\" data-element_type=\"container\" data-e-type=\"container\">\n\t\t<div class=\"elementor-element elementor-element-f3a0691 e-con-full e-flex e-con e-child\" data-id=\"f3a0691\" data-element_type=\"container\" data-e-type=\"container\" data-settings=\"{&quot;background_background&quot;:&quot;classic&quot;}\">\n\t\t\t\t<\/div>\n\t\t<div class=\"elementor-element elementor-element-462a34c e-con-full e-flex e-con e-child\" data-id=\"462a34c\" data-element_type=\"container\" data-e-type=\"container\" data-settings=\"{&quot;background_background&quot;:&quot;classic&quot;}\">\n\t\t\t\t<div class=\"elementor-element elementor-element-7c77eca elementor-widget elementor-widget-heading\" data-id=\"7c77eca\" data-element_type=\"widget\" data-e-type=\"widget\" data-widget_type=\"heading.default\">\n\t\t\t\t\t<h2 class=\"elementor-heading-title elementor-size-default\">Concierge<\/h2>\t\t\t\t<\/div>\n\t\t\t\t<div class=\"elementor-element elementor-element-e62ded2 elementor-widget elementor-widget-text-editor\" data-id=\"e62ded2\" data-element_type=\"widget\" data-e-type=\"widget\" data-widget_type=\"text-editor.default\">\n\t\t\t\t\t\t\t\t\t<p>At Hotel Edmond, we love Paris and are delighted to share our insider tips and secret addresses with you. Whether you are an art enthusiast, a food lover, or seeking unique walks, we personalize our recommendations according to your preferences. <\/p>\n<p>Let us guide you to Parisian gems \u2013 hidden restaurants, unique boutiques, or lesser-known cultural venues. Your Parisian experience will be all the more memorable. <\/p>\n<p>Just a 1-minute walk away, the famous L\u00e9vis Market is an authentic and friendly neighborhood market, renowned for its fresh produce and lively atmosphere on this pedestrian street. Open every day except Monday. <\/p>\t\t\t\t\t\t\t\t<\/div>\n\t\t\t\t<\/div>\n\t\t\t\t<\/div>\n\t\t<div class=\"elementor-element elementor-element-d851efc e-con-full e-flex e-con e-parent\" data-id=\"d851efc\" data-element_type=\"container\" data-e-type=\"container\">\n\t\t<div class=\"elementor-element elementor-element-b85d620 e-con-full e-flex e-con e-child\" data-id=\"b85d620\" data-element_type=\"container\" data-e-type=\"container\" data-settings=\"{&quot;background_background&quot;:&quot;classic&quot;}\">\n\t\t<div class=\"elementor-element elementor-element-0874018 e-con-full elementor-hidden-desktop elementor-hidden-tablet e-flex e-con e-child\" data-id=\"0874018\" data-element_type=\"container\" data-e-type=\"container\" data-settings=\"{&quot;background_background&quot;:&quot;classic&quot;}\">\n\t\t\t\t<\/div>\n\t\t\t\t<div class=\"elementor-element elementor-element-4715bdd elementor-widget elementor-widget-heading\" data-id=\"4715bdd\" data-element_type=\"widget\" data-e-type=\"widget\" data-widget_type=\"heading.default\">\n\t\t\t\t\t<h2 class=\"elementor-heading-title elementor-size-default\">Accessibility<\/h2>\t\t\t\t<\/div>\n\t\t\t\t<div class=\"elementor-element elementor-element-fc35797 elementor-widget elementor-widget-text-editor\" data-id=\"fc35797\" data-element_type=\"widget\" data-e-type=\"widget\" data-widget_type=\"text-editor.default\">\n\t\t\t\t\t\t\t\t\t<p>The Hotel Edmond is accessible to all. Our accessible room (for people with reduced mobility) is specially designed for your comfort: <\/p>\n<p>Easy access with no obstacles.<br>Support bar in the shower.<br>Large adapted bathroom.<br>Access to the breakfast room.<\/p>\n<p>Your stay in Paris should be synonymous with relaxation \u2013 we ensure it.<\/p>\t\t\t\t\t\t\t\t<\/div>\n\t\t\t\t<\/div>\n\t\t<div class=\"elementor-element elementor-element-39be022 e-con-full elementor-hidden-mobile e-flex e-con e-child\" data-id=\"39be022\" data-element_type=\"container\" data-e-type=\"container\" data-settings=\"{&quot;background_background&quot;:&quot;classic&quot;}\">\n\t\t\t\t<\/div>\n\t\t\t\t<\/div>\n\t\t<div class=\"elementor-element elementor-element-901d47d e-flex e-con-boxed e-con e-parent\" data-id=\"901d47d\" data-element_type=\"container\" data-e-type=\"container\" data-settings=\"{&quot;background_background&quot;:&quot;classic&quot;}\">\n\t\t\t\t\t<div class=\"e-con-inner\">\n\t\t\t\t<div class=\"elementor-element elementor-element-786f654 elementor-widget elementor-widget-hfe-infocard\" data-id=\"786f654\" data-element_type=\"widget\" data-e-type=\"widget\" data-widget_type=\"hfe-infocard.default\">\n\t\t\t\t<div class=\"elementor-widget-container\">\n\t\t\t\t\t\n\t\t<div class=\"hfe-infocard\">\n\t\t\t\t\t\t\t\t\t<div class=\"hfe-infocard-title-wrap\">\n\t\t\t\t<h2 class=\"hfe-infocard-title elementor-inline-editing\" data-elementor-setting-key=\"infocard_title\" data-elementor-inline-editing-toolbar=\"basic\" >Ready to book your stay?<\/h2>\t\t\t<\/div>\n\t\t\t\t\t\t<div class=\"hfe-infocard-text-wrap\">\n\t\t\t\t<div class=\"hfe-infocard-text elementor-inline-editing\" data-elementor-setting-key=\"infocard_description\" data-elementor-inline-editing-toolbar=\"advanced\">\n\t\t\t\t\tContact us today to experience an unforgettable stay at L'Edmond, your haven of peace in Paris.\t\t\t\t<\/div>\n\t\t\t\t\t\t\t<div class=\"hfe-button-wrapper elementor-widget-button\">\n\t\t\t\t<a href=\"https:\/\/www.secure-hotel-booking.com\/L-Edmond-Hotel-Parc-Monceau\/J63P\/fr-FR?hotelId=32124\" class=\"elementor-button-link elementor-button elementor-size-sm\" target=\"_blank\" rel=\"noopener\">\n\t\t\t\t\t<span class=\"elementor-button-text elementor-inline-editing\"  data-elementor-setting-key=\"infocard_button_text\" data-elementor-inline-editing-toolbar=\"none\">Book now<\/span>\n\t\t\t\t<\/a>\n\t\t\t<\/div>\n\t\t\t\t\t\t<\/div>\n\t\t<\/div>\n\n\t\t\t\t\t\t<\/div>\n\t\t\t\t<\/div>\n\t\t\t\t\t<\/div>\n\t\t\t\t<\/div>\n\t\t\t\t<\/div>\n\t\t","protected":false},"excerpt":{"rendered":"<p>Our Services Arrival Departure Breakfast Hours: 7:00 AM \u2013 10:00 AM Start your day with a gourmet breakfast in our [&hellip;]<\/p>\n","protected":false},"author":4,"featured_media":0,"parent":0,"menu_order":0,"comment_status":"closed","ping_status":"closed","template":"","meta":{"site-sidebar-layout":"no-sidebar","site-content-layout":"","ast-site-content-layout":"full-width-container","site-content-style":"default","site-sidebar-style":"default","ast-global-header-display":"","ast-banner-title-visibility":"","ast-main-header-display":"","ast-hfb-above-header-display":"","ast-hfb-below-header-display":"","ast-hfb-mobile-header-display":"","site-post-title":"disabled","ast-breadcrumbs-content":"","ast-featured-img":"disabled","footer-sml-layout":"","ast-disable-related-posts":"","theme-transparent-header-meta":"enabled","adv-header-id-meta":"","stick-header-meta":"","header-above-stick-meta":"","header-main-stick-meta":"","header-below-stick-meta":"","astra-migrate-meta-layouts":"default","ast-page-background-enabled":"default","ast-page-background-meta":{"desktop":{"background-color":"var(--ast-global-color-5)","background-image":"","background-repeat":"repeat","background-position":"center center","background-size":"auto","background-attachment":"scroll","background-type":"","background-media":"","overlay-type":"","overlay-color":"","overlay-opacity":"","overlay-gradient":""},"tablet":{"background-color":"","background-image":"","background-repeat":"repeat","background-position":"center center","background-size":"auto","background-attachment":"scroll","background-type":"","background-media":"","overlay-type":"","overlay-color":"","overlay-opacity":"","overlay-gradient":""},"mobile":{"background-color":"","background-image":"","background-repeat":"repeat","background-position":"center center","background-size":"auto","background-attachment":"scroll","background-type":"","background-media":"","overlay-type":"","overlay-color":"","overlay-opacity":"","overlay-gradient":""}},"ast-content-background-meta":{"desktop":{"background-color":"var(--ast-global-color-4)","background-image":"","background-repeat":"repeat","background-position":"center center","background-size":"auto","background-attachment":"scroll","background-type":"","background-media":"","overlay-type":"","overlay-color":"","overlay-opacity":"","overlay-gradient":""},"tablet":{"background-color":"var(--ast-global-color-4)","background-image":"","background-repeat":"repeat","background-position":"center center","background-size":"auto","background-attachment":"scroll","background-type":"","background-media":"","overlay-type":"","overlay-color":"","overlay-opacity":"","overlay-gradient":""},"mobile":{"background-color":"var(--ast-global-color-4)","background-image":"","background-repeat":"repeat","background-position":"center center","background-size":"auto","background-attachment":"scroll","background-type":"","background-media":"","overlay-type":"","overlay-color":"","overlay-opacity":"","overlay-gradient":""}},"footnotes":""},"class_list":["post-1052","page","type-page","status-publish","hentry"],"_links":{"self":[{"href":"https:\/\/edmond-hotel.fr\/en\/wp-json\/wp\/v2\/pages\/1052","targetHints":{"allow":["GET"]}}],"collection":[{"href":"https:\/\/edmond-hotel.fr\/en\/wp-json\/wp\/v2\/pages"}],"about":[{"href":"https:\/\/edmond-hotel.fr\/en\/wp-json\/wp\/v2\/types\/page"}],"author":[{"embeddable":true,"href":"https:\/\/edmond-hotel.fr\/en\/wp-json\/wp\/v2\/users\/4"}],"replies":[{"embeddable":true,"href":"https:\/\/edmond-hotel.fr\/en\/wp-json\/wp\/v2\/comments?post=1052"}],"version-history":[{"count":5,"href":"https:\/\/edmond-hotel.fr\/en\/wp-json\/wp\/v2\/pages\/1052\/revisions"}],"predecessor-version":[{"id":1130,"href":"https:\/\/edmond-hotel.fr\/en\/wp-json\/wp\/v2\/pages\/1052\/revisions\/1130"}],"wp:attachment":[{"href":"https:\/\/edmond-hotel.fr\/en\/wp-json\/wp\/v2\/media?parent=1052"}],"curies":[{"name":"wp","href":"https:\/\/api.w.org\/{rel}","templated":true}]}}